{"id":17,"date":"2021-02-09T04:05:17","date_gmt":"2021-02-09T04:05:17","guid":{"rendered":"http:\/\/ahora.localhost\/?page_id=17"},"modified":"2021-03-26T12:38:56","modified_gmt":"2021-03-26T12:38:56","slug":"home","status":"publish","type":"page","link":"https:\/\/ahoraflamenco.pl\/en\/","title":{"rendered":"Strona g\u0142\u00f3wna"},"content":{"rendered":"<h1>Flamenco dance wear<\/h1>\n<p>Od wielu lat ubieramy tancerki flamenco. Nasze stroje ciesz\u0105 si\u0119 uznaniem nie tylko w Sevilli ale te\u017c w ca\u0142ej Europie. Inspiracj\u0105 by\u0142a sewilska ulica, liczne tablaos oraz, nierzadko krytyczne uwagi gwiazd flamenco. W rezultacie urodzi\u0142 si\u0119 w\u0142asny, niepowtarzalny i rozpoznawalny styl. Tak si\u0119 nosz\u0105 cyganie z Poligono Sur, tak ta\u0144cz\u0105 w Sacromonte i w teatrach Sevilli i Jerez. Nierzadko w moich w\u0142a\u015bnie strojach! Zapraszam na przygod\u0119 z flamenco\u00a0 Mo\u017ce mi\u0119dzy falbanami znajdziesz Duende?!<\/p>\n<p><a class=\"btn btn-primary\" href=\"https:\/\/ahoraflamenco.pl\/en\/o-nas\/\">more<\/a><\/p>","protected":false},"excerpt":{"rendered":"<p>Stroje do flamenco Od wielu lat ubieramy tancerki flamenco. Nasze stroje ciesz\u0105 si\u0119 uznaniem nie tylko w Sevilli ale te\u017c w ca\u0142ej Europie. Inspiracj\u0105 by\u0142a sewilska ulica, liczne tablaos oraz, nierzadko krytyczne uwagi gwiazd flamenco. W rezultacie urodzi\u0142 si\u0119 w\u0142asny, niepowtarzalny i rozpoznawalny styl. Tak si\u0119 nosz\u0105 cyganie z Poligono Sur, tak ta\u0144cz\u0105 w Sacromonte [&hellip;]<\/p>","protected":false},"author":1,"featured_media":0,"parent":0,"menu_order":0,"comment_status":"closed","ping_status":"closed","template":"pages\/index.php","meta":[],"_links":{"self":[{"href":"https:\/\/ahoraflamenco.pl\/en\/wp-json\/wp\/v2\/pages\/17"}],"collection":[{"href":"https:\/\/ahoraflamenco.pl\/en\/wp-json\/wp\/v2\/pages"}],"about":[{"href":"https:\/\/ahoraflamenco.pl\/en\/wp-json\/wp\/v2\/types\/page"}],"author":[{"embeddable":true,"href":"https:\/\/ahoraflamenco.pl\/en\/wp-json\/wp\/v2\/users\/1"}],"replies":[{"embeddable":true,"href":"https:\/\/ahoraflamenco.pl\/en\/wp-json\/wp\/v2\/comments?post=17"}],"version-history":[{"count":17,"href":"https:\/\/ahoraflamenco.pl\/en\/wp-json\/wp\/v2\/pages\/17\/revisions"}],"predecessor-version":[{"id":512,"href":"https:\/\/ahoraflamenco.pl\/en\/wp-json\/wp\/v2\/pages\/17\/revisions\/512"}],"wp:attachment":[{"href":"https:\/\/ahoraflamenco.pl\/en\/wp-json\/wp\/v2\/media?parent=17"}],"curies":[{"name":"wp","href":"https:\/\/api.w.org\/{rel}","templated":true}]}}