{"id":2,"date":"2021-02-09T03:34:55","date_gmt":"2021-02-09T03:34:55","guid":{"rendered":"http:\/\/ahora.localhost\/?page_id=2"},"modified":"2021-04-02T14:36:18","modified_gmt":"2021-04-02T14:36:18","slug":"regulamin","status":"publish","type":"page","link":"https:\/\/ahoraflamenco.pl\/en\/regulamin\/","title":{"rendered":"Terms & Conditions"},"content":{"rendered":"<p><strong>\u00a71 Definicje<\/strong><\/p>\r\n<ol>\r\n<li>Niniejszy Regulamin okre\u015bla warunki sprzeda\u017cy prowadzonej przez AHORAFLAMENCO Wojciech Chroboci\u0144ski, Garbi\u0144skiego 10 01-122 Warszawa (dalej zwana: \u201eAHORAFLAMENCO\u201d) za po\u015brednictwem sklepu internetowego ahoraflamenco.pl.<\/li>\r\n<li>Wskazane poni\u017cej s\u0142owa przyjmuj\u0105 na potrzeby niniejszego Regulaminu poni\u017csze znaczenia:<\/li>\r\n<\/ol>\r\n<ol>\r\n<li>Sprzedawca \u2013 Wojciech Chroboci\u0144ski prowadz\u0105cy dzia\u0142alno\u015b\u0107 gospodarcz\u0105 pod nazw\u0105 Ahoraflamenco Wojciech Chroboci\u0144ski, z siedzib\u0105 w Warszawie 01-122, ul. Garbi\u0144skiego 10, NIP 5272196178, REGON: 013293940, w\u0142a\u015bciciel Sklepu Internetowego,<\/li>\r\n<li>Klient &#8211; oznacza podmiot, z kt\u00f3rym mo\u017ce by\u0107 zawarta Umowa sprzeda\u017cy,<\/li>\r\n<li>Konsument &#8211; oznacza osob\u0119 fizyczn\u0105 dokonuj\u0105c\u0105 z przedsi\u0119biorc\u0105 czynno\u015bci prawnej niezwi\u0105zanej bezpo\u015brednio z jej dzia\u0142alno\u015bci\u0105 gospodarcz\u0105 lub zawodow\u0105,<\/li>\r\n<li>Przedsi\u0119biorca &#8211; oznacza osob\u0119 fizyczn\u0105, osob\u0119 prawn\u0105 lub jednostk\u0119 organizacyjn\u0105 nieb\u0119d\u0105c\u0105 osob\u0105 prawn\u0105, kt\u00f3rej ustawa przyznaje zdolno\u015b\u0107 prawn\u0105, prowadz\u0105c\u0105 we w\u0142asnym imieniu dzia\u0142alno\u015b\u0107 gospodarcz\u0105 lub zawodow\u0105 i dokonuj\u0105c\u0105 czynno\u015bci prawnej zwi\u0105zanej bezpo\u015brednio z jej dzia\u0142alno\u015bci\u0105 gospodarcz\u0105 lub zawodow\u0105,<\/li>\r\n<li>Towar &#8211; oznacza produkt przedstawiony przez Sprzedawc\u0119 za po\u015brednictwem Strony Internetowej Sklepu, kt\u00f3ry mo\u017ce by\u0107 przedmiotem Umowy sprzeda\u017cy,<\/li>\r\n<li>Umowa sprzeda\u017cy &#8211; oznacza umow\u0119 sprzeda\u017cy zawart\u0105 na odleg\u0142o\u015b\u0107, na zasadach okre\u015blonych w Regulaminie, mi\u0119dzy Klientem i Sprzedawc\u0105 poprzez Stron\u0119 Internetow\u0105 Sklepu,<\/li>\r\n<li>Strona Internetowa Sklepu &#8211; oznacza strony internetowe, pod kt\u00f3rymi Sprzedawca prowadzi sklep internetowy ahoraflamenco.pl,<\/li>\r\n<li>Regulamin &#8211; oznacza niniejszy regulamin,<\/li>\r\n<li>Dostawa &#8211; oznacza czynno\u015b\u0107 polegaj\u0105c\u0105 na dostarczeniu Klientowi przez Sprzedawc\u0119, za po\u015brednictwem Dostawcy, Towaru okre\u015blonego w zam\u00f3wieniu z\u0142o\u017conym przez Klienta.<\/li>\r\n<li>Dostawca &#8211; oznacza podmiot \u015bwiadcz\u0105cy us\u0142ugi kurierskie lub pocztowe, z kt\u00f3rym wsp\u00f3\u0142pracuje Sprzedawca w zakresie dokonywania Dostawy Towar\u00f3w.<\/li>\r\n<\/ol>\r\n<p><strong>\u00a72 Postanowienia og\u00f3lne<\/strong><\/p>\r\n<ol>\r\n<li>Wszelkie prawa do Sklepu Internetowego, w tym maj\u0105tkowe prawa autorskie, prawa w\u0142asno\u015bci intelektualnej do jego nazwy, jego domeny internetowej, Strony Internetowej Sklepu, a tak\u017ce do logotyp\u00f3w zamieszczanych na Stronie Internetowej Sklepu nale\u017c\u0105 do Sprzedawcy, a korzystanie z nich mo\u017ce nast\u0119powa\u0107 wy\u0142\u0105cznie w spos\u00f3b okre\u015blony w Regulaminie oraz za zgod\u0105 Sprzedawcy wyra\u017con\u0105 na pi\u015bmie.<\/li>\r\n<li>W celu z\u0142o\u017cenia zam\u00f3wienia w Sklepie Internetowym za po\u015brednictwem Strony Internetowej Sklepu lub za po\u015brednictwem poczty elektronicznej, konieczne jest posiadanie przez Klienta aktywnego konta poczty elektronicznej.<\/li>\r\n<li>Nie jest dopuszczalne wykorzystywanie Sklepu Internetowego w celu prowadzenia przez Klienta dzia\u0142alno\u015bci, kt\u00f3ra narusza\u0142aby interes Sprzedawcy.<\/li>\r\n<li>Zakazane jest dostarczanie przez Klienta tre\u015bci o charakterze bezprawnym oraz wykorzystywanie przez Klienta Sklepu Internetowego lub Strony Internetowej, w spos\u00f3b sprzeczny z prawem, dobrymi obyczajami lub naruszaj\u0105cy dobra osobiste os\u00f3b trzecich.<\/li>\r\n<li>Korzystaj\u0105c ze Sklepu Internetowego Klient akceptuje postanowienia niniejszego Regulaminu oraz \u201ePolityki prywatno\u015bci\u201d.<\/li>\r\n<\/ol>\r\n<p><strong>\u00a73 Sk\u0142adanie zam\u00f3wie\u0144<\/strong><\/p>\r\n<ol>\r\n<li>Informacje zawarte na Stronie Internetowej Sklepu nie stanowi\u0105 oferty Sprzedawcy w rozumieniu Kodeksu Cywilnego, a jedynie zaproszenie Klient\u00f3w do sk\u0142adania ofert zawarcia Umowy sprzeda\u017cy.<\/li>\r\n<li>Klient mo\u017ce sk\u0142ada\u0107 zam\u00f3wienia w Sklepie Internetowym za po\u015brednictwem Strony Internetowej Sklepu lub poczty elektronicznej przez 7 dni w tygodniu, 24 godziny na dob\u0119.<\/li>\r\n<li>Klient sk\u0142adaj\u0105cy zam\u00f3wienie za po\u015brednictwem Strony Internetowej Sklepu, kompletuje zam\u00f3wienie wybieraj\u0105c Towar, kt\u00f3rym jest zainteresowany. Dodanie Towaru do zam\u00f3wienia nast\u0119puje przez wyb\u00f3r polecenia \u201eDO KOSZYKA\u201d pod danym Towarem prezentowanym na Stronie Internetowej Sklepu. Klient po skompletowaniu ca\u0142o\u015bci zam\u00f3wienia i wskazaniu w \u201eKOSZYKU\u201d sposobu Dostawy oraz formy p\u0142atno\u015bci, sk\u0142ada zam\u00f3wienie przez wys\u0142anie formularza zam\u00f3wienia do Sprzedawcy, wybieraj\u0105c na Stronie Internetowej Sklepu przycisk \u201eZamawiam i p\u0142ac\u0119\u201d.<\/li>\r\n<li>Przed wysy\u0142k\u0105 zam\u00f3wienia do Sprzedawcy, Klient jest informowany o \u0142\u0105cznej cenie za wybrany Towar i Dostaw\u0119, jak te\u017c o wszystkich dodatkowych kosztach jakie jest zobowi\u0105zany ponie\u015b\u0107 w zwi\u0105zku z Umow\u0105 sprzeda\u017cy.<\/li>\r\n<li>Z\u0142o\u017cenie zam\u00f3wienia stanowi z\u0142o\u017cenie Sprzedawcy przez Klienta oferty zawarcia Umowy sprzeda\u017cy Towar\u00f3w b\u0119d\u0105cych przedmiotem zam\u00f3wienia.<\/li>\r\n<li>Po z\u0142o\u017ceniu zam\u00f3wienia, Sprzedawca przesy\u0142a na podany przez Klienta adres poczty elektronicznej potwierdzenie jego z\u0142o\u017cenia.<\/li>\r\n<li>Nast\u0119pnie, po potwierdzeniu z\u0142o\u017cenia zam\u00f3wienia, Sprzedawca przesy\u0142a na podany przez Klienta adres poczty elektronicznej informacj\u0119 o przyj\u0119ciu zam\u00f3wienia do realizacji. Informacja o przyj\u0119ciu zam\u00f3wienia do realizacji jest o\u015bwiadczeniem Sprzedawcy o przyj\u0119ciu oferty Klienta i z chwil\u0105 jego otrzymania przez Klienta zostaje zawarta Umowa sprzeda\u017cy.<\/li>\r\n<li>Po zawarciu Umowy sprzeda\u017cy, Sprzedawca potwierdza Klientowi jej warunki, przesy\u0142aj\u0105c je na adres poczty elektronicznej Klienta lub pisemnie na wskazany przez Klienta adres podczas sk\u0142adania zam\u00f3wienia.<\/li>\r\n<li>Klientowi, kt\u00f3ry w ci\u0105gu 12 miesi\u0119cy od dnia dokonania pierwszego zam\u00f3wienia w Sklepie Internetowym dokona\u0142 zakupu Towar\u00f3w za kwot\u0119 powy\u017cej 2.000 z\u0142 brutto, przys\u0142ugiwa\u0107 b\u0119dzie w ci\u0105gu kolejnych 12 miesi\u0119cy rabat w wysoko\u015bci 5% na zam\u00f3wienia z\u0142o\u017cone w Sklepie Internetowym. Rabat naliczany b\u0119dzie automatycznie na koncie Klienta w momencie sk\u0142adania przez niego zam\u00f3wienia. Rabat mo\u017ce by\u0107 udzielany powt\u00f3rnie, je\u015bli w kolejnym roku Klient ponownie spe\u0142ni warunki do jego uzyskania.<\/li>\r\n<\/ol>\r\n<p><strong>\u00a7 4 P\u0142atno\u015bci<\/strong><\/p>\r\n<ol>\r\n<li>Ceny na Stronie Internetowej Sklepu zamieszczone przy danym Towarze stanowi\u0105 ceny brutto i nie zawieraj\u0105 informacji odno\u015bnie koszt\u00f3w Dostawy i wszelkich innych koszt\u00f3w, kt\u00f3re Klient b\u0119dzie zobowi\u0105zany ponie\u015b\u0107 w zwi\u0105zku z Umow\u0105 sprzeda\u017cy, o kt\u00f3rych Klient b\u0119dzie poinformowany przy wyborze sposobu Dostawy i sk\u0142adaniu zam\u00f3wienia.<\/li>\r\n<li>Klient mo\u017ce wybra\u0107 nast\u0119puj\u0105ce formy p\u0142atno\u015bci za zam\u00f3wione Towary: przelew bankowy na rachunek bankowy Sprzedawcy (w tym przypadku realizacja zam\u00f3wienia rozpocz\u0119ta zostanie po przes\u0142aniu Klientowi przez Sprzedawc\u0119 potwierdzenia przyj\u0119cia zam\u00f3wienia oraz po wp\u0142yni\u0119ciu \u015brodk\u00f3w na rachunek bankowy Sprzedawcy),\u00a0p\u0142atno\u015b\u0107 on-line za po\u015brednictwem systemu p\u0142atno\u015bci elektronicznych Stripe..<\/li>\r\n<li>Klient powinien dokona\u0107 p\u0142atno\u015bci za zam\u00f3wienie w wysoko\u015bci wynikaj\u0105cej z zawartej Umowy sprzeda\u017cy w terminie 7 dni roboczych, je\u017celi wybra\u0142 form\u0119 przedp\u0142aty.<\/li>\r\n<li>W wypadku niewywi\u0105zania si\u0119 przez Klienta z p\u0142atno\u015bci w terminie, o kt\u00f3rym mowa w \u00a74 ust. 3 Regulaminu, Sprzedawca wyznacza Klientowi dodatkowy termin na dokonanie p\u0142atno\u015bci i informuje o nim Klienta. Informacja o dodatkowym terminie na dokonanie p\u0142atno\u015bci zawiera r\u00f3wnie\u017c informacj\u0119, \u017ce po bezskutecznym up\u0142ywie tego terminu, Sprzedawca odst\u0105pi od Umowy sprzeda\u017cy. W wypadku bezskutecznego up\u0142ywu drugiego terminu na dokonanie p\u0142atno\u015bci, Sprzedawca prze\u015ble Klientowi na o\u015bwiadczenie o odst\u0105pieniu od umowy na podstawie art. 491 Kodeksu Cywilnego.<\/li>\r\n<\/ol>\r\n<p><strong>\u00a75 Dostawa<\/strong><\/p>\r\n<ol>\r\n<li>Sprzedawca realizuje Dostaw\u0119 na terytorium Rzeczypospolitej Polskiej.<\/li>\r\n<li>Sprzedawca jest zobowi\u0105zany dostarczy\u0107 Towar b\u0119d\u0105cy przedmiotem Umowy sprzeda\u017cy bez wad.<\/li>\r\n<li>Sprzedawca zamieszcza na Stronie Internetowej Sklepu informacj\u0119 o liczbie dni roboczych potrzebnych do Dostawy i realizacji zam\u00f3wienia.<\/li>\r\n<li>Zam\u00f3wione Towary s\u0105 dostarczane do Klienta za po\u015brednictwem Dostawcy na adres wskazany w formularzu zam\u00f3wienia.<\/li>\r\n<li>W dniu wys\u0142ania Towaru do Klienta przekazywana jest na adres poczty elektronicznej Klienta informacja potwierdzaj\u0105ca nadanie przesy\u0142ki przez Sprzedawc\u0119.<\/li>\r\n<li>Klient obowi\u0105zany jest zbada\u0107 dor\u0119czon\u0105 przesy\u0142k\u0119 w czasie i w spos\u00f3b przyj\u0119ty przy przesy\u0142kach danego rodzaju. W razie stwierdzenia ubytku lub uszkodzenia przesy\u0142ki Klient ma prawo \u017c\u0105da\u0107 od pracownika Dostawcy spisania w\u0142a\u015bciwego protoko\u0142u.<\/li>\r\n<li>Sprzedawca, zgodnie z wol\u0105 Klienta, do\u0142\u0105cza do przesy\u0142ki b\u0119d\u0105cej przedmiotem Dostawy paragon albo faktur\u0119 VAT obejmuj\u0105c\u0105 dostarczane Towary.<\/li>\r\n<li>W przypadku nieobecno\u015bci Klienta pod wskazanym przez niego adresem, podanym przy sk\u0142adaniu zam\u00f3wienia jako adres Dostawy, pracownik Dostawcy pozostawi awizo lub podejmie pr\u00f3b\u0119 kontaktu telefonicznego celem ustalenia terminu, w kt\u00f3rym Klient b\u0119dzie obecny. W przypadku zwrotnego odes\u0142ania zam\u00f3wionego Towaru do Sklepu Internetowego przez Dostawc\u0119, Sprzedawca skontaktuje si\u0119 z Klientem drog\u0105 elektroniczn\u0105 lub telefonicznie, ustalaj\u0105c ponownie z Klientem termin i koszt Dostawy.<\/li>\r\n<\/ol>\r\n<p><strong>\u00a76 R\u0119kojmia<\/strong><\/p>\r\n<ol>\r\n<li>Sprzedawca zapewnia Dostaw\u0119 Towaru pozbawionego wad fizycznych i prawnych. Sprzedawca jest odpowiedzialny wzgl\u0119dem Klienta, je\u017celi Towar ma wad\u0119 fizyczn\u0105 lub prawn\u0105 (r\u0119kojmia).<\/li>\r\n<li>Je\u017celi Towar ma wad\u0119, Klient mo\u017ce:<\/li>\r\n<\/ol>\r\n<ol>\r\n<li>z\u0142o\u017cy\u0107 o\u015bwiadczenie o obni\u017ceniu ceny albo odst\u0105pieniu od Umowy sprzeda\u017cy, chyba \u017ce Sprzedawca niezw\u0142ocznie i bez nadmiernych niedogodno\u015bci dla Klienta wymieni Towar wadliwy na wolny od wad albo wad\u0119 usunie.<\/li>\r\n<\/ol>\r\n<p>Ograniczenie to nie ma zastosowania, je\u017celi Towar by\u0142 ju\u017c wymieniony lub naprawiany przez Sprzedawc\u0119 albo Sprzedawca nie uczyni\u0142 zado\u015b\u0107 obowi\u0105zkowi wymiany Towaru na wolny od wad lub usuni\u0119cia wad. Klient mo\u017ce zamiast zaproponowanego przez Sprzedawc\u0119 usuni\u0119cia wady \u017c\u0105da\u0107 wymiany Towaru na wolny od wad albo zamiast wymiany Towaru \u017c\u0105da\u0107 usuni\u0119cia wady, chyba \u017ce doprowadzenie rzeczy do zgodno\u015bci z umow\u0105 w spos\u00f3b wybrany przez Klienta jest niemo\u017cliwe albo wymaga\u0142oby nadmiernych koszt\u00f3w w por\u00f3wnaniu ze sposobem proponowanym przez Sprzedawc\u0119. Przy ocenie nadmierno\u015bci koszt\u00f3w uwzgl\u0119dnia si\u0119 warto\u015b\u0107 Towaru wolnego od wad, rodzaj i znaczenie stwierdzonej wady, a tak\u017ce bierze si\u0119 pod uwag\u0119 niedogodno\u015bci, na jakie nara\u017ca\u0142by Klienta inny spos\u00f3b zaspokojenia.<\/p>\r\n<ol>\r\n<li>\u017c\u0105da\u0107 wymiany Towaru wadliwego na wolny od wad albo usuni\u0119cia wady. Sprzedawca jest obowi\u0105zany wymieni\u0107 Towar wadliwy na wolny od wad lub usun\u0105\u0107 wad\u0119 w rozs\u0105dnym czasie bez nadmiernych niedogodno\u015bci dla Klienta. Sprzedawca mo\u017ce odm\u00f3wi\u0107 zado\u015b\u0107uczynienia \u017c\u0105daniu Klienta, je\u017celi doprowadzenie do zgodno\u015bci z Umow\u0105 sprzeda\u017cy Towaru wadliwego w spos\u00f3b wybrany przez Klienta jest niemo\u017cliwe lub w por\u00f3wnaniu z drugim mo\u017cliwym sposobem doprowadzenia do zgodno\u015bci z Umow\u0105 sprzeda\u017cy wymaga\u0142oby nadmiernych koszt\u00f3w. Koszty naprawy lub wymiany ponosi Sprzedawca.<\/li>\r\n<\/ol>\r\n<p>&nbsp;<\/p>\r\n<ol>\r\n<li>Klient, kt\u00f3ry wykonuje uprawnienia z tytu\u0142u r\u0119kojmi, jest obowi\u0105zany dostarczy\u0107 rzecz wadliw\u0105 na adres Sprzedawcy. W wypadku Klienta b\u0119d\u0105cego Konsumentem koszt dostarczenia pokrywa Sprzedawca.<\/li>\r\n<li>Sprzedawca odpowiada z tytu\u0142u r\u0119kojmi, je\u017celi wada fizyczna zostanie stwierdzona przed up\u0142ywem dw\u00f3ch lat od wydania Towaru Klientowi. Roszczenie o usuni\u0119cie wady lub wymian\u0119 Towaru na wolny od wad przedawnia si\u0119 z up\u0142ywem roku, lecz termin ten nie mo\u017ce zako\u0144czy\u0107 si\u0119 przed up\u0142ywem terminu okre\u015blonego w zdaniu pierwszym. W tym terminie Klient mo\u017ce odst\u0105pi\u0107 od Umowy sprzeda\u017cy lub z\u0142o\u017cy\u0107 o\u015bwiadczenie o obni\u017ceniu ceny z powodu wady Towaru. Je\u017celi Klient \u017c\u0105da\u0142 wymiany Towaru na wolny od wad lub usuni\u0119cia wady, termin do odst\u0105pienia od Umowy sprzeda\u017cy lub z\u0142o\u017cenia o\u015bwiadczenia o obni\u017ceniu ceny rozpoczyna si\u0119 z chwil\u0105 bezskutecznego up\u0142ywu terminu do wymiany Towaru lub usuni\u0119cia wady.<\/li>\r\n<li>Wszelkie reklamacje zwi\u0105zane z Towarem lub realizacj\u0105 Umowy sprzeda\u017cy, Klient mo\u017ce kierowa\u0107 w formie pisemnej na adres Sprzedawcy.<\/li>\r\n<li>Sprzedawca w ci\u0105gu 14 dni od dnia \u017c\u0105dania zawieraj\u0105cego reklamacj\u0119, ustosunkuje si\u0119 do reklamacji Towaru lub reklamacji zwi\u0105zanej z realizacj\u0105 Umowy sprzeda\u017cy zg\u0142oszonej przez Klienta.<\/li>\r\n<li>Sprzedawca nie korzysta z pozas\u0105dowego rozwi\u0105zywania spor\u00f3w, o kt\u00f3rych mowa w ustawie z dnia 23 wrze\u015bnia 2016 r. o pozas\u0105dowym rozwi\u0105zywaniu spor\u00f3w konsumenckich.<\/li>\r\n<\/ol>\r\n<p><strong>\u00a77 Odst\u0105pienie od umowy sprzeda\u017cy<\/strong><\/p>\r\n<ol>\r\n<li>Klient b\u0119d\u0105cy Konsumentem, kt\u00f3ry zawar\u0142 Umow\u0119 sprzeda\u017cy, mo\u017ce w terminie 14 dni odst\u0105pi\u0107 od niej bez podawania przyczyny.<\/li>\r\n<li>Bieg terminu na odst\u0105pienie od Umowy sprzeda\u017cy rozpoczyna si\u0119 od chwili obj\u0119cia Towaru w posiadanie przez Konsumenta.<\/li>\r\n<li>Konsument mo\u017ce odst\u0105pi\u0107 od Umowy sprzeda\u017cy sk\u0142adaj\u0105c Sprzedawcy o\u015bwiadczenie o odst\u0105pieniu. O\u015bwiadczenie to mo\u017ce zosta\u0107 z\u0142o\u017cone przyk\u0142adowo pisemnie lub elektronicznie na adres Sprzedawcy, za po\u015brednictwem poczty elektronicznej na adres Sprzedawcy. O\u015bwiadczenie mo\u017cna z\u0142o\u017cy\u0107 na formularzu, kt\u00f3rego wz\u00f3r stanowi za\u0142\u0105cznik do niniejszego Regulaminu. Do zachowania terminu wystarczy wys\u0142anie o\u015bwiadczenia przed jego up\u0142ywem. Sprzedawca niezw\u0142ocznie potwierdza Konsumentowi otrzymanie formularza z\u0142o\u017conego za po\u015brednictwem strony internetowej.<\/li>\r\n<li>W przypadku odst\u0105pienia od Umowy sprzeda\u017cy, jest ona uwa\u017cana za niezawart\u0105.<\/li>\r\n<li>Je\u015bli Konsument z\u0142o\u017cy\u0142 o\u015bwiadczenie o odst\u0105pieniu od Umowy sprzeda\u017cy zanim Sprzedawca przyj\u0105\u0142 jego ofert\u0119, oferta przestaje wi\u0105za\u0107.<\/li>\r\n<li>Sprzedawca ma obowi\u0105zek niezw\u0142ocznie, nie p\u00f3\u017aniej ni\u017c w terminie 14 dni od dnia otrzymania o\u015bwiadczenia Konsumenta o odst\u0105pieniu od Umowy sprzeda\u017cy, zwr\u00f3ci\u0107 mu wszystkie dokonane przez niego p\u0142atno\u015bci, w tym koszt Dostawy Towaru do Konsumenta. Sprzedawca mo\u017ce wstrzyma\u0107 si\u0119 ze zwrotem p\u0142atno\u015bci otrzymanych od Konsumenta do chwili otrzymania z powrotem Towaru lub dostarczenia przez Konsumenta dowodu odes\u0142ania Towaru, w zale\u017cno\u015bci od tego, kt\u00f3re zdarzenie nast\u0105pi wcze\u015bniej.<\/li>\r\n<li>Je\u017celi Konsument korzystaj\u0105cy z prawa do odst\u0105pienia wybra\u0142 spos\u00f3b dostarczenia Towaru inny ni\u017c najta\u0144szy zwyk\u0142y spos\u00f3b Dostawy oferowany przez Sprzedawc\u0119, Sprzedawca nie jest zobowi\u0105zany do zwrotu Konsumentowi poniesionych przez niego dodatkowych koszt\u00f3w.<\/li>\r\n<li>Konsument ma obowi\u0105zek zwr\u00f3ci\u0107 Towar Sprzedawcy niezw\u0142ocznie, jednak nie p\u00f3\u017aniej ni\u017c w terminie 14 dni od dnia, w kt\u00f3rym odst\u0105pi\u0142 od Umowy sprzeda\u017cy. Do zachowania terminu wystarczy odes\u0142anie Towaru na adres Sprzedawcy przed up\u0142ywem tego terminu.<\/li>\r\n<li>W wypadku odst\u0105pienia Klient b\u0119d\u0105cy Konsumentem ponosi tylko bezpo\u015brednie koszty zwrotu Towaru.<\/li>\r\n<li>Je\u015bli ze wzgl\u0119du na sw\u00f3j charakter Towar nie mo\u017ce zosta\u0107 w zwyk\u0142ym trybie odes\u0142any poczt\u0105, Sprzedawca informuje Konsumenta o kosztach zwrotu rzeczy na Stronie Internetowej Sklepu.<\/li>\r\n<li>Konsument ponosi odpowiedzialno\u015b\u0107 za zmniejszenie warto\u015bci Towaru b\u0119d\u0105ce wynikiem korzystania z niego w spos\u00f3b wykraczaj\u0105cy poza spos\u00f3b konieczny do stwierdzenia charakteru, cech i funkcjonowania Towaru.<\/li>\r\n<li>Sprzedawca dokonuje zwrotu p\u0142atno\u015bci przy u\u017cyciu takiego samego sposobu zap\u0142aty, jakiego u\u017cy\u0142 Konsument chyba, \u017ce Konsument wyra\u017anie zgodzi\u0142 si\u0119 na inny spos\u00f3b zwrotu, kt\u00f3ry nie wi\u0105\u017ce si\u0119 dla niego z \u017cadnymi kosztami.<\/li>\r\n<\/ol>\r\n<p><strong>\u00a78 Postanowienia ko\u0144cowe<\/strong><\/p>\r\n<ol>\r\n<li>Sprzedawca ponosi odpowiedzialno\u015b\u0107 z tytu\u0142u niewykonania lub nienale\u017cytego wykonania umowy, lecz w przypadku um\u00f3w zawieranych z Klientami b\u0119d\u0105cymi Przedsi\u0119biorcami Sprzedawca ponosi odpowiedzialno\u015b\u0107 tylko w przypadku umy\u015blnego wyrz\u0105dzenia szkody i w granicach rzeczywi\u015bcie poniesionych strat przez Klienta b\u0119d\u0105cego Przedsi\u0119biorc\u0105.<\/li>\r\n<li>Tre\u015b\u0107 niniejszego Regulaminu mo\u017ce zosta\u0107 utrwalona poprzez wydrukowanie, zapisanie na no\u015bniku lub pobranie w ka\u017cdej chwili ze Strony Internetowej Sklepu.<\/li>\r\n<li>W przypadku powstania sporu na gruncie zawartej Umowy sprzeda\u017cy, strony b\u0119d\u0105 d\u0105\u017cy\u0142y do rozwi\u0105zania sprawy polubownie. Prawem w\u0142a\u015bciwym dla rozstrzygania wszelkich spor\u00f3w powsta\u0142ych na gruncie niniejszego Regulaminu jest prawo polskie.<\/li>\r\n<li>Sprzedawca informuje Klienta b\u0119d\u0105cego Konsumentem o mo\u017cliwo\u015bci skorzystania z pozas\u0105dowych sposob\u00f3w rozpatrywania reklamacji i dochodzenia roszcze\u0144. Zasady dost\u0119pu do tych procedur dost\u0119pne s\u0105 w siedzibach lub na stronach internetowych podmiot\u00f3w uprawnionych do pozas\u0105dowego rozpatrywania spor\u00f3w. Mog\u0105 nimi by\u0107 w szczeg\u00f3lno\u015bci rzecznicy praw konsumenta lub Wojew\u00f3dzkie Inspektoraty Inspekcji Handlowej, kt\u00f3rych lista jest dost\u0119pna na stronie internetowej UOKiK. Sprzedawca informuje, \u017ce pod adresem\u00a0<a title=\"INNE SPOSOBY ROZPATRYWANIA \" href=\"http:\/\/ec.europa.eu\/consumers\/odr\/\" target=\"_blank\" rel=\"noopener\">http:\/\/ec.europa.eu\/consumers\/odr\/\u00a0<\/a>dost\u0119pna jest platforma internetowego systemu rozstrzygania spor\u00f3w pomi\u0119dzy konsumentami i przedsi\u0119biorcami na szczeblu unijnym (platforma ODR).<\/li>\r\n<li>Sprzedawca zastrzega sobie prawo zmiany niniejszego Regulaminu. Wszystkie zam\u00f3wienia przyj\u0119te przez Sprzedawc\u0119 do realizacji przed dniem wej\u015bcia w \u017cycie nowego Regulaminu s\u0105 realizowane na podstawie Regulaminu, kt\u00f3ry obowi\u0105zywa\u0142 w dniu sk\u0142adania zam\u00f3wienia przez Klienta. Zmiana Regulaminu wchodzi w \u017cycie w terminie 7 dni od dnia opublikowania na Stronie Internetowej Sklepu. Sprzedawca poinformuje Klienta na 7 dni przed wej\u015bciem w \u017cycie nowego Regulaminu o zmianie Regulaminu za pomoc\u0105 wiadomo\u015bci przes\u0142anej drog\u0105 elektroniczn\u0105 zawieraj\u0105cej odno\u015bnik do tekstu zmienionego Regulaminu. W razie gdy Klient nie akceptuje nowej tre\u015bci Regulaminu obowi\u0105zany jest zawiadomi\u0107 o tym fakcie Sprzedawc\u0119, co skutkuje rozwi\u0105zaniem umowy poprzez wys\u0142anie stosownego o\u015bwiadczenia woli na adres poczty elektronicznej.<\/li>\r\n<\/ol>","protected":false},"excerpt":{"rendered":"<p>\u00a71 Definicje Niniejszy Regulamin okre\u015bla warunki sprzeda\u017cy prowadzonej przez AHORAFLAMENCO Wojciech Chroboci\u0144ski, Garbi\u0144skiego 10 01-122 Warszawa (dalej zwana: \u201eAHORAFLAMENCO\u201d) za po\u015brednictwem sklepu internetowego ahoraflamenco.pl. Wskazane poni\u017cej s\u0142owa przyjmuj\u0105 na potrzeby niniejszego Regulaminu poni\u017csze znaczenia: Sprzedawca \u2013 Wojciech Chroboci\u0144ski prowadz\u0105cy dzia\u0142alno\u015b\u0107 gospodarcz\u0105 pod nazw\u0105 Ahoraflamenco Wojciech Chroboci\u0144ski, z siedzib\u0105 w Warszawie 01-122, ul. Garbi\u0144skiego 10, NIP [&hellip;]<\/p>","protected":false},"author":1,"featured_media":0,"parent":0,"menu_order":0,"comment_status":"closed","ping_status":"closed","template":"","meta":[],"_links":{"self":[{"href":"https:\/\/ahoraflamenco.pl\/en\/wp-json\/wp\/v2\/pages\/2"}],"collection":[{"href":"https:\/\/ahoraflamenco.pl\/en\/wp-json\/wp\/v2\/pages"}],"about":[{"href":"https:\/\/ahoraflamenco.pl\/en\/wp-json\/wp\/v2\/types\/page"}],"author":[{"embeddable":true,"href":"https:\/\/ahoraflamenco.pl\/en\/wp-json\/wp\/v2\/users\/1"}],"replies":[{"embeddable":true,"href":"https:\/\/ahoraflamenco.pl\/en\/wp-json\/wp\/v2\/comments?post=2"}],"version-history":[{"count":7,"href":"https:\/\/ahoraflamenco.pl\/en\/wp-json\/wp\/v2\/pages\/2\/revisions"}],"predecessor-version":[{"id":574,"href":"https:\/\/ahoraflamenco.pl\/en\/wp-json\/wp\/v2\/pages\/2\/revisions\/574"}],"wp:attachment":[{"href":"https:\/\/ahoraflamenco.pl\/en\/wp-json\/wp\/v2\/media?parent=2"}],"curies":[{"name":"wp","href":"https:\/\/api.w.org\/{rel}","templated":true}]}}