{"id":3,"date":"2021-02-09T03:34:55","date_gmt":"2021-02-09T03:34:55","guid":{"rendered":"http:\/\/ahora.localhost\/?page_id=3"},"modified":"2021-03-20T18:08:00","modified_gmt":"2021-03-20T18:08:00","slug":"pp","status":"publish","type":"page","link":"https:\/\/ahoraflamenco.pl\/en\/pp\/","title":{"rendered":"Privacy Policy"},"content":{"rendered":"<p><strong>I Informacje og\u00f3lne<\/strong><br \/>\n\u2022 Niniejsza Polityka Prywatno\u015bci okre\u015bla spos\u00f3b pozyskiwania, przetwarzania oraz zabezpieczania danych osobowych w rozumieniu ustawy o ochronie danych osobowych z dnia 29 sierpnia 1997 roku (Dz.U. Nr 133, poz. 883 z p\u00f3\u017a. zm.) oraz ustaw\u0105 o \u015bwiadczeniu us\u0142ug drog\u0105 elektroniczn\u0105 z dnia 18 lipca 2002 r. (Dz.U. Nr 144, poz. 1204 z p\u00f3\u017a. zm.)<br \/>\n\u2022 W\u0142a\u015bcicielem strony internetowej ahoraflamenco.pl oraz administratorem danych osobowych jest Wojciech Chroboci\u0144ski prowadz\u0105cy dzia\u0142alno\u015b\u0107 gospodarcz\u0105 pod nazw\u0105 Ahoraflamenco Wojciech Chroboci\u0144ski, z siedzib\u0105 w Warszawie 01-122, ul. G\u00f3rczewska 10, NIP 5272196178, REGON: 013293940, wpisany do Centralnej Ewidencji i Informacji o Dzia\u0142alno\u015bci Gospodarczej Rzeczypospolitej Polskiej.<\/p>\n<p><strong>II Dane osobowe<\/strong><br \/>\n\u2022 Serwis zbiera informacje podane dobrowolnie przez u\u017cytkownika.<br \/>\n\u2022 Dane osobowe s\u0105 pozyskiwane podczas wype\u0142niania formularza newsletter<br \/>\n\u2022 Dane osobowe s\u0105 wykorzystywane wy\u0142\u0105cznie w celu wysy\u0142ania newslettera oraz o ile wyrazi\u0142 na to zgod\u0119.<br \/>\n\u2022 Zawarto\u015b\u0107 strony internetowej mo\u017cna przegl\u0105da\u0107 bez podawania jakichkolwiek danych osobowych.<br \/>\n\u2022 Ka\u017cda osoba, kt\u00f3ra udost\u0119pni\u0142a swoje dane osobowe ma prawo do dost\u0119pu do ich tre\u015bci oraz mo\u017cliwo\u015b\u0107 ich poprawiania, uaktualniania, uzupe\u0142niania, jak i r\u00f3wnie\u017c \u017c\u0105dania zaprzestania przetwarzania danych osobowych oraz wniesienia sprzeciwu wobec przetwarzania danych osobowych. Wymienione czynno\u015bci mo\u017cna dokona\u0107 poprzez wys\u0142anie stosownego o\u015bwiadczenia na adres email: tienda@ahoraflamenco.pl<br \/>\n\u2022 Pozyskane przez administratora dane osobowe s\u0105 przechowywane, przetwarzane i chronione zgodnie z obowi\u0105zuj\u0105cymi przepisami prawa. Zbi\u00f3r danych osobowych zosta\u0142 zg\u0142oszony do Urz\u0119du Ochrony Danych Osobowych (uodo.gov.pl)<\/p>\n<p>\u2022 Administrator chroni zgromadzone dane osobowe korzystaj\u0105c z nast\u0119puj\u0105cych \u015brodk\u00f3w:<br \/>\n\u2013 szyfrowanie danych s\u0142u\u017c\u0105cych do zapisu do newslettera<br \/>\n\u2013 zabezpieczenie zbioru danych przed nieuprawnionym dost\u0119pem<\/p>\n<p>&nbsp;<\/p>\n<p><strong>III Informacja o plikach cookies.<\/strong><br \/>\n\u2022 Serwis korzysta z plik\u00f3w cookies.<br \/>\n\u2022 Pliki cookies (tzw. \u201eciasteczka\u201d) stanowi\u0105 dane informatyczne, w szczeg\u00f3lno\u015bci pliki tekstowe, kt\u00f3re przechowywane s\u0105 w urz\u0105dzeniu ko\u0144cowym U\u017cytkownika Serwisu i przeznaczone s\u0105 do korzystania ze stron internetowych Serwisu. Cookies zazwyczaj zawieraj\u0105 nazw\u0119 strony internetowej, z kt\u00f3rej pochodz\u0105, czas przechowywania ich na urz\u0105dzeniu ko\u0144cowym oraz unikalny numer.<br \/>\n\u2022 Podmiotem zamieszczaj\u0105cym na urz\u0105dzeniu ko\u0144cowym U\u017cytkownika Serwisu pliki cookies oraz uzyskuj\u0105cym do nich dost\u0119p jest operator Serwisu.<br \/>\n\u2022 Pliki cookies wykorzystywane s\u0105 w nast\u0119puj\u0105cych celach:<br \/>\n\u2022 tworzenia statystyk, kt\u00f3re pomagaj\u0105 zrozumie\u0107, w jaki spos\u00f3b U\u017cytkownicy Serwisu korzystaj\u0105 ze stron internetowych, co umo\u017cliwia ulepszanie ich struktury i zawarto\u015bci;<br \/>\n\u2022 utrzymania sesji U\u017cytkownika Serwisu (po zalogowaniu), dzi\u0119ki kt\u00f3rej U\u017cytkownik nie musi na ka\u017cdej podstronie Serwisu ponownie wpisywa\u0107 loginu i has\u0142a;<br \/>\n\u2022 okre\u015blania profilu u\u017cytkownika w celu wy\u015bwietlania mu dopasowanych materia\u0142\u00f3w w sieciach reklamowych, w szczeg\u00f3lno\u015bci sieci Google.<br \/>\n\u2022 W ramach Serwisu stosowane s\u0105 dwa zasadnicze rodzaje plik\u00f3w cookies: \u201esesyjne\u201d (session cookies) oraz \u201esta\u0142e\u201d (persistent cookies). Cookies \u201esesyjne\u201d s\u0105 plikami tymczasowymi, kt\u00f3re przechowywane s\u0105 w urz\u0105dzeniu ko\u0144cowym U\u017cytkownika do czasu wylogowania, opuszczenia strony internetowej lub wy\u0142\u0105czenia oprogramowania (przegl\u0105darki internetowej). \u201eSta\u0142e\u201d pliki cookies przechowywane s\u0105 w urz\u0105dzeniu ko\u0144cowym U\u017cytkownika przez czas okre\u015blony w parametrach plik\u00f3w cookies lub do czasu ich usuni\u0119cia przez U\u017cytkownika.<br \/>\n\u2022 Oprogramowanie do przegl\u0105dania stron internetowych (przegl\u0105darka internetowa) zazwyczaj domy\u015blnie dopuszcza przechowywanie plik\u00f3w cookies w urz\u0105dzeniu ko\u0144cowym U\u017cytkownika. U\u017cytkownicy Serwisu mog\u0105 dokona\u0107 zmiany ustawie\u0144 w tym zakresie. Przegl\u0105darka internetowa umo\u017cliwia usuni\u0119cie plik\u00f3w cookies. Mo\u017cliwe jest tak\u017ce automatyczne blokowanie plik\u00f3w cookies Szczeg\u00f3\u0142owe informacje na ten temat zawiera pomoc lub dokumentacja przegl\u0105darki internetowej.<br \/>\n\u2022 Ograniczenia stosowania plik\u00f3w cookies mog\u0105 wp\u0142yn\u0105\u0107 na niekt\u00f3re funkcjonalno\u015bci dost\u0119pne na stronach internetowych Serwisu.<br \/>\n\u2022 Pliki cookies zamieszczane w urz\u0105dzeniu ko\u0144cowym U\u017cytkownika Serwisu i wykorzystywane mog\u0105 by\u0107 r\u00f3wnie\u017c przez wsp\u00f3\u0142pracuj\u0105cych z operatorem Serwisu reklamodawc\u00f3w oraz partner\u00f3w.<br \/>\n\u2022 Zalecamy przeczytanie polityki ochrony prywatno\u015bci tych firm, aby pozna\u0107 zasady korzystania z plik\u00f3w cookies wykorzystywane w statystykach: Polityka ochrony prywatno\u015bci Google Analytics.<br \/>\n\u2022 Pliki cookies mog\u0105 by\u0107 wykorzystane przez sieci reklamowe, w szczeg\u00f3lno\u015bci sie\u0107 Google, do wy\u015bwietlenia reklam dopasowanych do sposobu, w jaki u\u017cytkownik korzysta z Serwisu. W tym celu mog\u0105 zachowa\u0107 informacj\u0119 o \u015bcie\u017cce nawigacji u\u017cytkownika lub czasie pozostawania na danej stronie.<br \/>\n\u2022 W zakresie informacji o preferencjach u\u017cytkownika gromadzonych przez sie\u0107 reklamow\u0105 Google u\u017cytkownik mo\u017ce przegl\u0105da\u0107 i edytowa\u0107 informacje wynikaj\u0105ce z plik\u00f3w cookies przy pomocy narz\u0119dzia: https:\/\/www.google.com\/ads\/preferences\/<\/p>\n<p><strong>IV Zarz\u0105dzanie plikami cookies\u00a0<\/strong><br \/>\n\u2022 Je\u015bli u\u017cytkownik nie chce otrzymywa\u0107 plik\u00f3w cookies, mo\u017ce zmieni\u0107 ustawienia przegl\u0105darki. Zastrzegamy, \u017ce wy\u0142\u0105czenie obs\u0142ugi plik\u00f3w cookies niezb\u0119dnych dla proces\u00f3w uwierzytelniania, bezpiecze\u0144stwa, utrzymania preferencji u\u017cytkownika mo\u017ce utrudni\u0107, a w skrajnych przypadkach mo\u017ce uniemo\u017cliwi\u0107 korzystanie ze stron www.<\/p>\n<p><strong>V Udost\u0119pnienie danych.<\/strong><br \/>\n\u2022 Dane podlegaj\u0105 udost\u0119pnieniu podmiotom zewn\u0119trznym wy\u0142\u0105cznie w granicach prawnie dozwolonych.<br \/>\n\u2022 Operator mo\u017ce mie\u0107 obowi\u0105zek udzielania informacji zebranych przez Serwis upowa\u017cnionym organom na podstawie zgodnych z prawem \u017c\u0105da\u0144 w zakresie wynikaj\u0105cym z \u017c\u0105dania.<\/p>\n<p><strong>VI Postanowienia ko\u0144cowe<\/strong><br \/>\n\u2022 Administrator ma prawo do zmian w niniejszej Polityce Prywatno\u015bci. Osoby udost\u0119pniaj\u0105ce swoje dane osobowe obowi\u0105zuje aktualnie obowi\u0105zuj\u0105ca wersja Polityki Prywatno\u015bci, dost\u0119pna na stronie http:\/\/ahoraflamenco.pl\/pp\/<br \/>\n\u2022 W sprawach nieuregulowanych niniejsz\u0105 Polityk\u0105 Prywatno\u015bci stosuje si\u0119 obowi\u0105zuj\u0105ce przepisy prawa polskiego.<\/p>","protected":false},"excerpt":{"rendered":"<p>I Informacje og\u00f3lne \u2022 Niniejsza Polityka Prywatno\u015bci okre\u015bla spos\u00f3b pozyskiwania, przetwarzania oraz zabezpieczania danych osobowych w rozumieniu ustawy o ochronie danych osobowych z dnia 29 sierpnia 1997 roku (Dz.U. Nr 133, poz. 883 z p\u00f3\u017a. zm.) oraz ustaw\u0105 o \u015bwiadczeniu us\u0142ug drog\u0105 elektroniczn\u0105 z dnia 18 lipca 2002 r. (Dz.U. Nr 144, poz. 1204 z [&hellip;]<\/p>","protected":false},"author":1,"featured_media":0,"parent":0,"menu_order":0,"comment_status":"closed","ping_status":"closed","template":"","meta":[],"_links":{"self":[{"href":"https:\/\/ahoraflamenco.pl\/en\/wp-json\/wp\/v2\/pages\/3"}],"collection":[{"href":"https:\/\/ahoraflamenco.pl\/en\/wp-json\/wp\/v2\/pages"}],"about":[{"href":"https:\/\/ahoraflamenco.pl\/en\/wp-json\/wp\/v2\/types\/page"}],"author":[{"embeddable":true,"href":"https:\/\/ahoraflamenco.pl\/en\/wp-json\/wp\/v2\/users\/1"}],"replies":[{"embeddable":true,"href":"https:\/\/ahoraflamenco.pl\/en\/wp-json\/wp\/v2\/comments?post=3"}],"version-history":[{"count":5,"href":"https:\/\/ahoraflamenco.pl\/en\/wp-json\/wp\/v2\/pages\/3\/revisions"}],"predecessor-version":[{"id":471,"href":"https:\/\/ahoraflamenco.pl\/en\/wp-json\/wp\/v2\/pages\/3\/revisions\/471"}],"wp:attachment":[{"href":"https:\/\/ahoraflamenco.pl\/en\/wp-json\/wp\/v2\/media?parent=3"}],"curies":[{"name":"wp","href":"https:\/\/api.w.org\/{rel}","templated":true}]}}