{"id":58,"date":"2021-02-09T04:27:56","date_gmt":"2021-02-09T04:27:56","guid":{"rendered":"http:\/\/ahora.localhost\/?page_id=58"},"modified":"2021-03-26T12:42:11","modified_gmt":"2021-03-26T12:42:11","slug":"o-nas","status":"publish","type":"page","link":"https:\/\/ahoraflamenco.pl\/en\/o-nas\/","title":{"rendered":"About us"},"content":{"rendered":"<p>Misj\u0105 naszej Firmy jest propagowanie malowniczego i pe\u0142nego temperamentu zjawiska jakim jest flamenco. Ubieramy tancerki, co zosta\u0142o zauwa\u017cone na ca\u0142ym \u015bwiecie.<\/p>\n<p>Chod\u017acie z nami, poka\u017cemy Wam ten fascynuj\u0105cy \u015bwiat!<\/p>\n<p>&nbsp;<\/p>","protected":false},"excerpt":{"rendered":"<p>Misj\u0105 naszej Firmy jest propagowanie malowniczego i pe\u0142nego temperamentu zjawiska jakim jest flamenco. Ubieramy tancerki, co zosta\u0142o zauwa\u017cone na ca\u0142ym \u015bwiecie. Chod\u017acie z nami, poka\u017cemy Wam ten fascynuj\u0105cy \u015bwiat! &nbsp;<\/p>","protected":false},"author":1,"featured_media":447,"parent":0,"menu_order":0,"comment_status":"closed","ping_status":"closed","template":"pages\/about.php","meta":[],"_links":{"self":[{"href":"https:\/\/ahoraflamenco.pl\/en\/wp-json\/wp\/v2\/pages\/58"}],"collection":[{"href":"https:\/\/ahoraflamenco.pl\/en\/wp-json\/wp\/v2\/pages"}],"about":[{"href":"https:\/\/ahoraflamenco.pl\/en\/wp-json\/wp\/v2\/types\/page"}],"author":[{"embeddable":true,"href":"https:\/\/ahoraflamenco.pl\/en\/wp-json\/wp\/v2\/users\/1"}],"replies":[{"embeddable":true,"href":"https:\/\/ahoraflamenco.pl\/en\/wp-json\/wp\/v2\/comments?post=58"}],"version-history":[{"count":16,"href":"https:\/\/ahoraflamenco.pl\/en\/wp-json\/wp\/v2\/pages\/58\/revisions"}],"predecessor-version":[{"id":518,"href":"https:\/\/ahoraflamenco.pl\/en\/wp-json\/wp\/v2\/pages\/58\/revisions\/518"}],"wp:featuredmedia":[{"embeddable":true,"href":"https:\/\/ahoraflamenco.pl\/en\/wp-json\/wp\/v2\/media\/447"}],"wp:attachment":[{"href":"https:\/\/ahoraflamenco.pl\/en\/wp-json\/wp\/v2\/media?parent=58"}],"curies":[{"name":"wp","href":"https:\/\/api.w.org\/{rel}","templated":true}]}}