{"id":603,"date":"2021-04-03T18:08:37","date_gmt":"2021-04-03T18:08:37","guid":{"rendered":"https:\/\/ahoraflamenco.pl\/?page_id=603"},"modified":"2021-04-14T07:16:33","modified_gmt":"2021-04-14T07:16:33","slug":"slub","status":"publish","type":"page","link":"https:\/\/ahoraflamenco.pl\/en\/slub\/","title":{"rendered":"Flamenco wedding"},"content":{"rendered":"<h2><a href=\"http:\/\/Je\u015bli marzysz o \u015blubie w stylu flamenco, to tutaj spe\u0142nimy Twoje marzenie.\"><img loading=\"lazy\" class=\"aligncenter size-medium wp-image-661\" src=\"https:\/\/ahoraflamenco.pl\/app\/uploads\/kasia-bata-300x211.jpg\" alt=\"\" width=\"300\" height=\"211\" srcset=\"https:\/\/ahoraflamenco.pl\/app\/uploads\/kasia-bata-300x211.jpg 300w, https:\/\/ahoraflamenco.pl\/app\/uploads\/kasia-bata-768x540.jpg 768w, https:\/\/ahoraflamenco.pl\/app\/uploads\/kasia-bata-16x12.jpg 16w, https:\/\/ahoraflamenco.pl\/app\/uploads\/kasia-bata-600x422.jpg 600w, https:\/\/ahoraflamenco.pl\/app\/uploads\/kasia-bata-150x105.jpg 150w, https:\/\/ahoraflamenco.pl\/app\/uploads\/kasia-bata.jpg 800w\" sizes=\"(max-width: 300px) 100vw, 300px\" \/><br \/>\n<\/a><img loading=\"lazy\" class=\"aligncenter size-medium wp-image-557\" src=\"https:\/\/ahoraflamenco.pl\/app\/uploads\/10268447_216185228728762_977793468398759229_n1-300x450.jpg\" alt=\"\" width=\"300\" height=\"450\" srcset=\"https:\/\/ahoraflamenco.pl\/app\/uploads\/10268447_216185228728762_977793468398759229_n1-300x450.jpg 300w, https:\/\/ahoraflamenco.pl\/app\/uploads\/10268447_216185228728762_977793468398759229_n1-150x225.jpg 150w, https:\/\/ahoraflamenco.pl\/app\/uploads\/10268447_216185228728762_977793468398759229_n1-600x900.jpg 600w, https:\/\/ahoraflamenco.pl\/app\/uploads\/10268447_216185228728762_977793468398759229_n1.jpg 640w\" sizes=\"(max-width: 300px) 100vw, 300px\" \/><img loading=\"lazy\" class=\"aligncenter size-medium wp-image-657\" src=\"https:\/\/ahoraflamenco.pl\/app\/uploads\/slubna-300x451.jpg\" alt=\"\" width=\"300\" height=\"451\" srcset=\"https:\/\/ahoraflamenco.pl\/app\/uploads\/slubna-300x451.jpg 300w, https:\/\/ahoraflamenco.pl\/app\/uploads\/slubna-8x12.jpg 8w, https:\/\/ahoraflamenco.pl\/app\/uploads\/slubna-600x901.jpg 600w, https:\/\/ahoraflamenco.pl\/app\/uploads\/slubna-150x225.jpg 150w, https:\/\/ahoraflamenco.pl\/app\/uploads\/slubna.jpg 639w\" sizes=\"(max-width: 300px) 100vw, 300px\" \/>Je\u015bli marzysz o \u015blubie w stylu flamenco, to tutaj spe\u0142nimy Twoje marzenie.<\/h2>","protected":false},"excerpt":{"rendered":"<p>Je\u015bli marzysz o \u015blubie w stylu flamenco, to tutaj spe\u0142nimy Twoje marzenie.<\/p>","protected":false},"author":1,"featured_media":0,"parent":0,"menu_order":0,"comment_status":"closed","ping_status":"closed","template":"","meta":[],"_links":{"self":[{"href":"https:\/\/ahoraflamenco.pl\/en\/wp-json\/wp\/v2\/pages\/603"}],"collection":[{"href":"https:\/\/ahoraflamenco.pl\/en\/wp-json\/wp\/v2\/pages"}],"about":[{"href":"https:\/\/ahoraflamenco.pl\/en\/wp-json\/wp\/v2\/types\/page"}],"author":[{"embeddable":true,"href":"https:\/\/ahoraflamenco.pl\/en\/wp-json\/wp\/v2\/users\/1"}],"replies":[{"embeddable":true,"href":"https:\/\/ahoraflamenco.pl\/en\/wp-json\/wp\/v2\/comments?post=603"}],"version-history":[{"count":9,"href":"https:\/\/ahoraflamenco.pl\/en\/wp-json\/wp\/v2\/pages\/603\/revisions"}],"predecessor-version":[{"id":671,"href":"https:\/\/ahoraflamenco.pl\/en\/wp-json\/wp\/v2\/pages\/603\/revisions\/671"}],"wp:attachment":[{"href":"https:\/\/ahoraflamenco.pl\/en\/wp-json\/wp\/v2\/media?parent=603"}],"curies":[{"name":"wp","href":"https:\/\/api.w.org\/{rel}","templated":true}]}}