{"id":74,"date":"2021-02-09T04:32:45","date_gmt":"2021-02-09T04:32:45","guid":{"rendered":"http:\/\/ahora.localhost\/?page_id=74"},"modified":"2021-03-03T18:38:55","modified_gmt":"2021-03-03T18:38:55","slug":"rozmiary","status":"publish","type":"page","link":"https:\/\/ahoraflamenco.pl\/en\/rozmiary\/","title":{"rendered":"Rozmiary"},"content":{"rendered":"<ol>\n<li>Biust<\/li>\n<li>Talia<\/li>\n<li>Biodra<\/li>\n<li>D\u0142ugo\u015b\u0107 r\u0119kawa<\/li>\n<li>D\u0142ugo\u015b\u0107 sp\u00f3dnicy<\/li>\n<li>D\u0142ugo\u015b\u0107 sukni<\/li>\n<\/ol>\n<table class=\"table text-left js-scroll-table table-mobile-friendly\">\n<tbody>\n<tr>\n<th scope=\"col\">Rozmiar<\/th>\n<th scope=\"col\">Biust<\/th>\n<th scope=\"col\">Talia<\/th>\n<th scope=\"col\">Biodra<\/th>\n<th scope=\"col\">D\u0142ugo\u015b\u0107 r\u0119kawa<\/th>\n<th scope=\"col\">D\u0142ugo\u015b\u0107 sp\u00f3dnicy<\/th>\n<th scope=\"col\">D\u0142ugo\u015b\u0107 sukni<\/th>\n<\/tr>\n<tr class=\"odd\">\n<th scope=\"row\">XS<\/th>\n<td>80<\/td>\n<td>62<\/td>\n<td>86<\/td>\n<td>59<\/td>\n<td>106<\/td>\n<td>143<\/td>\n<\/tr>\n<tr>\n<th scope=\"row\">S<\/th>\n<td>84<\/td>\n<td>66<\/td>\n<td>90<\/td>\n<td>59<\/td>\n<td>106<\/td>\n<td>144<\/td>\n<\/tr>\n<tr class=\"odd\">\n<th scope=\"row\">M<\/th>\n<td>88<\/td>\n<td>70<\/td>\n<td>94<\/td>\n<td>60<\/td>\n<td>106<\/td>\n<td>145<\/td>\n<\/tr>\n<tr>\n<th scope=\"row\">L<\/th>\n<td>92<\/td>\n<td>74<\/td>\n<td>98<\/td>\n<td>61<\/td>\n<td>106<\/td>\n<td>146<\/td>\n<\/tr>\n<tr class=\"odd\">\n<th scope=\"row\">XL<\/th>\n<td>96<\/td>\n<td>78<\/td>\n<td>102<\/td>\n<td>61<\/td>\n<td>106<\/td>\n<td>147<\/td>\n<\/tr>\n<\/tbody>\n<\/table>","protected":false},"excerpt":{"rendered":"<p>Biust Talia Biodra D\u0142ugo\u015b\u0107 r\u0119kawa D\u0142ugo\u015b\u0107 sp\u00f3dnicy D\u0142ugo\u015b\u0107 sukni Rozmiar Biust Talia Biodra D\u0142ugo\u015b\u0107 r\u0119kawa D\u0142ugo\u015b\u0107 sp\u00f3dnicy D\u0142ugo\u015b\u0107 sukni XS 80 62 86 59 106 143 S 84 66 90 59 106 144 M 88 70 94 60 106 145 L 92 74 98 61 106 146 XL 96 78 102 61 106 147<\/p>","protected":false},"author":1,"featured_media":442,"parent":0,"menu_order":0,"comment_status":"closed","ping_status":"closed","template":"pages\/sizes.php","meta":[],"_links":{"self":[{"href":"https:\/\/ahoraflamenco.pl\/en\/wp-json\/wp\/v2\/pages\/74"}],"collection":[{"href":"https:\/\/ahoraflamenco.pl\/en\/wp-json\/wp\/v2\/pages"}],"about":[{"href":"https:\/\/ahoraflamenco.pl\/en\/wp-json\/wp\/v2\/types\/page"}],"author":[{"embeddable":true,"href":"https:\/\/ahoraflamenco.pl\/en\/wp-json\/wp\/v2\/users\/1"}],"replies":[{"embeddable":true,"href":"https:\/\/ahoraflamenco.pl\/en\/wp-json\/wp\/v2\/comments?post=74"}],"version-history":[{"count":11,"href":"https:\/\/ahoraflamenco.pl\/en\/wp-json\/wp\/v2\/pages\/74\/revisions"}],"predecessor-version":[{"id":441,"href":"https:\/\/ahoraflamenco.pl\/en\/wp-json\/wp\/v2\/pages\/74\/revisions\/441"}],"wp:featuredmedia":[{"embeddable":true,"href":"https:\/\/ahoraflamenco.pl\/en\/wp-json\/wp\/v2\/media\/442"}],"wp:attachment":[{"href":"https:\/\/ahoraflamenco.pl\/en\/wp-json\/wp\/v2\/media?parent=74"}],"curies":[{"name":"wp","href":"https:\/\/api.w.org\/{rel}","templated":true}]}}