{"id":368,"date":"2021-03-01T08:28:40","date_gmt":"2021-03-01T08:28:40","guid":{"rendered":"http:\/\/serwer2167382.home.pl\/web\/?post_type=product&#038;p=368"},"modified":"2026-03-24T08:38:15","modified_gmt":"2026-03-24T08:38:15","slug":"bolerko-naranja","status":"publish","type":"product","link":"https:\/\/ahoraflamenco.pl\/en\/product\/bolerko-naranja\/","title":{"rendered":"Bolerko Naranja"},"content":{"rendered":"<p>Bluzeczka wi\u0105zana z dzianiny.Pasuje do wszystkiego.Pi\u0119knie podkre\u015bla biust i tali\u0119.<\/p>","protected":false},"excerpt":{"rendered":"<p>Bluzeczka wi\u0105zana z dzianiny.Pasuje do wszystkiego.Pi\u0119knie podkre\u015bla biust i tali\u0119.<\/p>","protected":false},"featured_media":271,"template":"","meta":[],"_links":{"self":[{"href":"https:\/\/ahoraflamenco.pl\/en\/wp-json\/wp\/v2\/product\/368"}],"collection":[{"href":"https:\/\/ahoraflamenco.pl\/en\/wp-json\/wp\/v2\/product"}],"about":[{"href":"https:\/\/ahoraflamenco.pl\/en\/wp-json\/wp\/v2\/types\/product"}],"wp:featuredmedia":[{"embeddable":true,"href":"https:\/\/ahoraflamenco.pl\/en\/wp-json\/wp\/v2\/media\/271"}],"wp:attachment":[{"href":"https:\/\/ahoraflamenco.pl\/en\/wp-json\/wp\/v2\/media?parent=368"}],"curies":[{"name":"wp","href":"https:\/\/api.w.org\/{rel}","templated":true}]}}