{"id":372,"date":"2021-03-01T09:11:37","date_gmt":"2021-03-01T09:11:37","guid":{"rendered":"http:\/\/serwer2167382.home.pl\/web\/?post_type=product&#038;p=372"},"modified":"2026-03-24T08:37:55","modified_gmt":"2026-03-24T08:37:55","slug":"bolerko-irys","status":"publish","type":"product","link":"https:\/\/ahoraflamenco.pl\/en\/product\/bolerko-irys\/","title":{"rendered":"Bolerko Irys"},"content":{"rendered":"<p>Bluzeczka wi\u0105zana z koronki z d\u0142ugim r\u0119kawem pi\u0119knie podkre\u015blaj\u0105cym d\u0142onie,tak wa\u017cne w ta\u0144cu flamenco.<\/p>","protected":false},"excerpt":{"rendered":"<p>Bluzeczka wi\u0105zana z koronki z d\u0142ugim r\u0119kawem pi\u0119knie podkre\u015blaj\u0105cym d\u0142onie,tak wa\u017cne w ta\u0144cu flamenco.<\/p>","protected":false},"featured_media":139,"template":"","meta":[],"_links":{"self":[{"href":"https:\/\/ahoraflamenco.pl\/en\/wp-json\/wp\/v2\/product\/372"}],"collection":[{"href":"https:\/\/ahoraflamenco.pl\/en\/wp-json\/wp\/v2\/product"}],"about":[{"href":"https:\/\/ahoraflamenco.pl\/en\/wp-json\/wp\/v2\/types\/product"}],"wp:featuredmedia":[{"embeddable":true,"href":"https:\/\/ahoraflamenco.pl\/en\/wp-json\/wp\/v2\/media\/139"}],"wp:attachment":[{"href":"https:\/\/ahoraflamenco.pl\/en\/wp-json\/wp\/v2\/media?parent=372"}],"curies":[{"name":"wp","href":"https:\/\/api.w.org\/{rel}","templated":true}]}}