{"id":375,"date":"2021-03-01T09:21:54","date_gmt":"2021-03-01T09:21:54","guid":{"rendered":"http:\/\/serwer2167382.home.pl\/web\/?post_type=product&#038;p=375"},"modified":"2026-03-24T08:35:17","modified_gmt":"2026-03-24T08:35:17","slug":"bluzka-magnolia","status":"publish","type":"product","link":"https:\/\/ahoraflamenco.pl\/en\/product\/bluzka-magnolia\/","title":{"rendered":"Bluzka Magnolia"},"content":{"rendered":"<p>Elegancka bluzka z dekoracyjnym \u017cabotem. \u015awietna na scen\u0119,<\/p>","protected":false},"excerpt":{"rendered":"<p>Elegancka bluzka z dekoracyjnym \u017cabotem. \u015awietna na scen\u0119,<\/p>","protected":false},"featured_media":171,"template":"","meta":[],"_links":{"self":[{"href":"https:\/\/ahoraflamenco.pl\/en\/wp-json\/wp\/v2\/product\/375"}],"collection":[{"href":"https:\/\/ahoraflamenco.pl\/en\/wp-json\/wp\/v2\/product"}],"about":[{"href":"https:\/\/ahoraflamenco.pl\/en\/wp-json\/wp\/v2\/types\/product"}],"wp:featuredmedia":[{"embeddable":true,"href":"https:\/\/ahoraflamenco.pl\/en\/wp-json\/wp\/v2\/media\/171"}],"wp:attachment":[{"href":"https:\/\/ahoraflamenco.pl\/en\/wp-json\/wp\/v2\/media?parent=375"}],"curies":[{"name":"wp","href":"https:\/\/api.w.org\/{rel}","templated":true}]}}