{"id":379,"date":"2021-03-01T09:49:13","date_gmt":"2021-03-01T09:49:13","guid":{"rendered":"http:\/\/serwer2167382.home.pl\/web\/?post_type=product&#038;p=379"},"modified":"2026-03-24T08:34:48","modified_gmt":"2026-03-24T08:34:48","slug":"spodnica-prosta","status":"publish","type":"product","link":"https:\/\/ahoraflamenco.pl\/en\/product\/spodnica-prosta\/","title":{"rendered":"Sp\u00f3dnica prosta 170 lub 200 z\u0142"},"content":{"rendered":"<p>Sp\u00f3dnica z dzianiny do \u0107wicze\u0144.<\/p>","protected":false},"excerpt":{"rendered":"<p>Sp\u00f3dnica z dzianiny do \u0107wicze\u0144.<\/p>","protected":false},"featured_media":533,"template":"","meta":[],"_links":{"self":[{"href":"https:\/\/ahoraflamenco.pl\/en\/wp-json\/wp\/v2\/product\/379"}],"collection":[{"href":"https:\/\/ahoraflamenco.pl\/en\/wp-json\/wp\/v2\/product"}],"about":[{"href":"https:\/\/ahoraflamenco.pl\/en\/wp-json\/wp\/v2\/types\/product"}],"wp:featuredmedia":[{"embeddable":true,"href":"https:\/\/ahoraflamenco.pl\/en\/wp-json\/wp\/v2\/media\/533"}],"wp:attachment":[{"href":"https:\/\/ahoraflamenco.pl\/en\/wp-json\/wp\/v2\/media?parent=379"}],"curies":[{"name":"wp","href":"https:\/\/api.w.org\/{rel}","templated":true}]}}