{"id":381,"date":"2021-03-01T11:20:21","date_gmt":"2021-03-01T11:20:21","guid":{"rendered":"http:\/\/serwer2167382.home.pl\/web\/?post_type=product&#038;p=381"},"modified":"2026-03-24T08:31:43","modified_gmt":"2026-03-24T08:31:43","slug":"spodnica-alegria","status":"publish","type":"product","link":"https:\/\/ahoraflamenco.pl\/en\/product\/spodnica-alegria\/","title":{"rendered":"Sp\u00f3dnica Alegria"},"content":{"rendered":"<p>Niezwykle efektowna sp\u00f3dnica z mnostwem falbanek.Doskona\u0142a do radosnych,energetycznych tanc\u00f3w.Tangos,buleria,alegria,tanquillo.<\/p>","protected":false},"excerpt":{"rendered":"<p>Niezwykle efektowna sp\u00f3dnica z mnostwem falbanek.Doskona\u0142a do radosnych,energetycznych tanc\u00f3w.Tangos,buleria,alegria,tanquillo.<\/p>","protected":false},"featured_media":253,"template":"","meta":[],"_links":{"self":[{"href":"https:\/\/ahoraflamenco.pl\/en\/wp-json\/wp\/v2\/product\/381"}],"collection":[{"href":"https:\/\/ahoraflamenco.pl\/en\/wp-json\/wp\/v2\/product"}],"about":[{"href":"https:\/\/ahoraflamenco.pl\/en\/wp-json\/wp\/v2\/types\/product"}],"wp:featuredmedia":[{"embeddable":true,"href":"https:\/\/ahoraflamenco.pl\/en\/wp-json\/wp\/v2\/media\/253"}],"wp:attachment":[{"href":"https:\/\/ahoraflamenco.pl\/en\/wp-json\/wp\/v2\/media?parent=381"}],"curies":[{"name":"wp","href":"https:\/\/api.w.org\/{rel}","templated":true}]}}