{"id":386,"date":"2021-03-01T11:54:26","date_gmt":"2021-03-01T11:54:26","guid":{"rendered":"http:\/\/serwer2167382.home.pl\/web\/?post_type=product&#038;p=386"},"modified":"2023-04-25T07:46:16","modified_gmt":"2023-04-25T07:46:16","slug":"spodnica-tangos-ii","status":"publish","type":"product","link":"https:\/\/ahoraflamenco.pl\/en\/product\/spodnica-tangos-ii\/","title":{"rendered":"Sp\u00f3dnica tangos II"},"content":{"rendered":"<p>Szeroka sp\u00f3dnica z pionowymi falbankami.Do machania doskona\u0142a.<\/p>","protected":false},"excerpt":{"rendered":"<p>Szeroka sp\u00f3dnica z pionowymi falbankami.Do machania doskona\u0142a.<\/p>","protected":false},"featured_media":16,"template":"","meta":[],"_links":{"self":[{"href":"https:\/\/ahoraflamenco.pl\/en\/wp-json\/wp\/v2\/product\/386"}],"collection":[{"href":"https:\/\/ahoraflamenco.pl\/en\/wp-json\/wp\/v2\/product"}],"about":[{"href":"https:\/\/ahoraflamenco.pl\/en\/wp-json\/wp\/v2\/types\/product"}],"wp:featuredmedia":[{"embeddable":true,"href":"https:\/\/ahoraflamenco.pl\/en\/wp-json\/wp\/v2\/media\/16"}],"wp:attachment":[{"href":"https:\/\/ahoraflamenco.pl\/en\/wp-json\/wp\/v2\/media?parent=386"}],"curies":[{"name":"wp","href":"https:\/\/api.w.org\/{rel}","templated":true}]}}