{"id":389,"date":"2021-03-01T22:59:59","date_gmt":"2021-03-01T22:59:59","guid":{"rendered":"http:\/\/serwer2167382.home.pl\/web\/?post_type=product&#038;p=389"},"modified":"2026-03-24T08:30:49","modified_gmt":"2026-03-24T08:30:49","slug":"spodnica-tulipan","status":"publish","type":"product","link":"https:\/\/ahoraflamenco.pl\/en\/product\/spodnica-tulipan\/","title":{"rendered":"Sp\u00f3dnica Tulipan"},"content":{"rendered":"<p>Sp\u00f3dnica wysmuklaj\u0105ca sylwetk\u0119 dzi\u0119ki pionowym ci\u0119ciom.Szeroka na dole,\u015bwietna do machania sp\u00f3dnic\u0105.<\/p>","protected":false},"excerpt":{"rendered":"<p>Sp\u00f3dnica wysmuklaj\u0105ca sylwetk\u0119 dzi\u0119ki pionowym ci\u0119ciom.Szeroka na dole,\u015bwietna do machania sp\u00f3dnic\u0105.<\/p>","protected":false},"featured_media":271,"template":"","meta":[],"_links":{"self":[{"href":"https:\/\/ahoraflamenco.pl\/en\/wp-json\/wp\/v2\/product\/389"}],"collection":[{"href":"https:\/\/ahoraflamenco.pl\/en\/wp-json\/wp\/v2\/product"}],"about":[{"href":"https:\/\/ahoraflamenco.pl\/en\/wp-json\/wp\/v2\/types\/product"}],"wp:featuredmedia":[{"embeddable":true,"href":"https:\/\/ahoraflamenco.pl\/en\/wp-json\/wp\/v2\/media\/271"}],"wp:attachment":[{"href":"https:\/\/ahoraflamenco.pl\/en\/wp-json\/wp\/v2\/media?parent=389"}],"curies":[{"name":"wp","href":"https:\/\/api.w.org\/{rel}","templated":true}]}}