{"id":395,"date":"2021-03-02T06:21:25","date_gmt":"2021-03-02T06:21:25","guid":{"rendered":"http:\/\/serwer2167382.home.pl\/web\/?post_type=product&#038;p=395"},"modified":"2026-03-24T08:30:33","modified_gmt":"2026-03-24T08:30:33","slug":"spodnica-sobrefalda","status":"publish","type":"product","link":"https:\/\/ahoraflamenco.pl\/en\/product\/spodnica-sobrefalda\/","title":{"rendered":"Sp\u00f3dnica Sobrefalda"},"content":{"rendered":"<p>Przezroczysta i zwiewna sp\u00f3dnica z koronki zak\u0142adana na inn\u0105 sp\u00f3dnic\u0119 lub legginsy. Dzi\u0119ki jednej sp\u00f3dnicy mo\u017cemy otrzyma\u0107 kilka kreacji.<\/p>","protected":false},"excerpt":{"rendered":"<p>Przezroczysta i zwiewna sp\u00f3dnica z koronki zak\u0142adana na inn\u0105 sp\u00f3dnic\u0119 lub legginsy. Dzi\u0119ki jednej sp\u00f3dnicy mo\u017cemy otrzyma\u0107 kilka kreacji.<\/p>","protected":false},"featured_media":280,"template":"","meta":[],"_links":{"self":[{"href":"https:\/\/ahoraflamenco.pl\/en\/wp-json\/wp\/v2\/product\/395"}],"collection":[{"href":"https:\/\/ahoraflamenco.pl\/en\/wp-json\/wp\/v2\/product"}],"about":[{"href":"https:\/\/ahoraflamenco.pl\/en\/wp-json\/wp\/v2\/types\/product"}],"wp:featuredmedia":[{"embeddable":true,"href":"https:\/\/ahoraflamenco.pl\/en\/wp-json\/wp\/v2\/media\/280"}],"wp:attachment":[{"href":"https:\/\/ahoraflamenco.pl\/en\/wp-json\/wp\/v2\/media?parent=395"}],"curies":[{"name":"wp","href":"https:\/\/api.w.org\/{rel}","templated":true}]}}