{"id":402,"date":"2021-03-02T07:00:49","date_gmt":"2021-03-02T07:00:49","guid":{"rendered":"http:\/\/serwer2167382.home.pl\/web\/?post_type=product&#038;p=402"},"modified":"2022-12-09T01:52:12","modified_gmt":"2022-12-09T01:52:12","slug":"spodnica-teresa","status":"publish","type":"product","link":"https:\/\/ahoraflamenco.pl\/en\/product\/spodnica-teresa\/","title":{"rendered":"Sp\u00f3dnica Teresa"},"content":{"rendered":"<p>Sp\u00f3dnica z plisowanych falban.Uniweersalna.Mo\u017ce by\u0107 na wieczorowe wyjscie,na letni spacer po molo no i na scen\u0119 oczywi\u015bcie.<\/p>","protected":false},"excerpt":{"rendered":"<p>Sp\u00f3dnica z plisowanych falban.Uniweersalna.Mo\u017ce by\u0107 na wieczorowe wyjscie,na letni spacer po molo no i na scen\u0119 oczywi\u015bcie.<\/p>","protected":false},"featured_media":112,"template":"","meta":[],"_links":{"self":[{"href":"https:\/\/ahoraflamenco.pl\/en\/wp-json\/wp\/v2\/product\/402"}],"collection":[{"href":"https:\/\/ahoraflamenco.pl\/en\/wp-json\/wp\/v2\/product"}],"about":[{"href":"https:\/\/ahoraflamenco.pl\/en\/wp-json\/wp\/v2\/types\/product"}],"wp:featuredmedia":[{"embeddable":true,"href":"https:\/\/ahoraflamenco.pl\/en\/wp-json\/wp\/v2\/media\/112"}],"wp:attachment":[{"href":"https:\/\/ahoraflamenco.pl\/en\/wp-json\/wp\/v2\/media?parent=402"}],"curies":[{"name":"wp","href":"https:\/\/api.w.org\/{rel}","templated":true}]}}