{"id":408,"date":"2021-03-02T17:10:29","date_gmt":"2021-03-02T17:10:29","guid":{"rendered":"http:\/\/serwer2167382.home.pl\/web\/?post_type=product&#038;p=408"},"modified":"2022-12-09T01:37:56","modified_gmt":"2022-12-09T01:37:56","slug":"spodnica-mercedes","status":"publish","type":"product","link":"https:\/\/ahoraflamenco.pl\/en\/product\/spodnica-mercedes\/","title":{"rendered":"Sp\u00f3dnica Mercedes"},"content":{"rendered":"<p>Sp\u00f3dnica z oryginalna wstawk\u0105 z ty\u0142u podkre\u015blaj\u0105c\u0105 kobiece kszta\u0142ty.<\/p>","protected":false},"excerpt":{"rendered":"<p>Sp\u00f3dnica z oryginalna wstawk\u0105 z ty\u0142u podkre\u015blaj\u0105c\u0105 kobiece kszta\u0142ty.<\/p>","protected":false},"featured_media":148,"template":"","meta":[],"_links":{"self":[{"href":"https:\/\/ahoraflamenco.pl\/en\/wp-json\/wp\/v2\/product\/408"}],"collection":[{"href":"https:\/\/ahoraflamenco.pl\/en\/wp-json\/wp\/v2\/product"}],"about":[{"href":"https:\/\/ahoraflamenco.pl\/en\/wp-json\/wp\/v2\/types\/product"}],"wp:featuredmedia":[{"embeddable":true,"href":"https:\/\/ahoraflamenco.pl\/en\/wp-json\/wp\/v2\/media\/148"}],"wp:attachment":[{"href":"https:\/\/ahoraflamenco.pl\/en\/wp-json\/wp\/v2\/media?parent=408"}],"curies":[{"name":"wp","href":"https:\/\/api.w.org\/{rel}","templated":true}]}}