{"id":411,"date":"2021-03-02T18:03:36","date_gmt":"2021-03-02T18:03:36","guid":{"rendered":"http:\/\/serwer2167382.home.pl\/web\/?post_type=product&#038;p=411"},"modified":"2026-03-24T08:29:49","modified_gmt":"2026-03-24T08:29:49","slug":"spodnica-tarantos","status":"publish","type":"product","link":"https:\/\/ahoraflamenco.pl\/en\/product\/spodnica-tarantos\/","title":{"rendered":"Sp\u00f3dnica Tarantos"},"content":{"rendered":"<p>Sp\u00f3dnica bardzo efektowna z du\u017c\u0105 ilo\u015bci\u0105 plisowanych falbanek.<\/p>","protected":false},"excerpt":{"rendered":"<p>Sp\u00f3dnica bardzo efektowna z du\u017c\u0105 ilo\u015bci\u0105 plisowanych falbanek.<\/p>","protected":false},"featured_media":172,"template":"","meta":[],"_links":{"self":[{"href":"https:\/\/ahoraflamenco.pl\/en\/wp-json\/wp\/v2\/product\/411"}],"collection":[{"href":"https:\/\/ahoraflamenco.pl\/en\/wp-json\/wp\/v2\/product"}],"about":[{"href":"https:\/\/ahoraflamenco.pl\/en\/wp-json\/wp\/v2\/types\/product"}],"wp:featuredmedia":[{"embeddable":true,"href":"https:\/\/ahoraflamenco.pl\/en\/wp-json\/wp\/v2\/media\/172"}],"wp:attachment":[{"href":"https:\/\/ahoraflamenco.pl\/en\/wp-json\/wp\/v2\/media?parent=411"}],"curies":[{"name":"wp","href":"https:\/\/api.w.org\/{rel}","templated":true}]}}