{"id":416,"date":"2021-03-03T05:49:38","date_gmt":"2021-03-03T05:49:38","guid":{"rendered":"http:\/\/serwer2167382.home.pl\/web\/?post_type=product&#038;p=416"},"modified":"2023-05-10T06:46:25","modified_gmt":"2023-05-10T06:46:25","slug":"spodnica-katy","status":"publish","type":"product","link":"https:\/\/ahoraflamenco.pl\/en\/product\/spodnica-katy\/","title":{"rendered":"Sp\u00f3dnica Katy"},"content":{"rendered":"<p>Sp\u00f3dnica a kr\u00f3tszym przodem dla lepszej widoczno\u015bci n\u00f3g w trakcie \u0107wicze\u0144<\/p>","protected":false},"excerpt":{"rendered":"<p>Sp\u00f3dnica a kr\u00f3tszym przodem dla lepszej widoczno\u015bci n\u00f3g w trakcie \u0107wicze\u0144<\/p>","protected":false},"featured_media":179,"template":"","meta":[],"_links":{"self":[{"href":"https:\/\/ahoraflamenco.pl\/en\/wp-json\/wp\/v2\/product\/416"}],"collection":[{"href":"https:\/\/ahoraflamenco.pl\/en\/wp-json\/wp\/v2\/product"}],"about":[{"href":"https:\/\/ahoraflamenco.pl\/en\/wp-json\/wp\/v2\/types\/product"}],"wp:featuredmedia":[{"embeddable":true,"href":"https:\/\/ahoraflamenco.pl\/en\/wp-json\/wp\/v2\/media\/179"}],"wp:attachment":[{"href":"https:\/\/ahoraflamenco.pl\/en\/wp-json\/wp\/v2\/media?parent=416"}],"curies":[{"name":"wp","href":"https:\/\/api.w.org\/{rel}","templated":true}]}}