{"id":445,"date":"2021-03-10T11:56:17","date_gmt":"2021-03-10T11:56:17","guid":{"rendered":"http:\/\/serwer2167382.home.pl\/web\/?post_type=product&#038;p=445"},"modified":"2025-02-15T12:27:25","modified_gmt":"2025-02-15T12:27:25","slug":"bata-de-cola","status":"publish","type":"product","link":"https:\/\/ahoraflamenco.pl\/en\/product\/bata-de-cola\/","title":{"rendered":"Bata de Cola"},"content":{"rendered":"<p>Sp\u00f3dnica z trenem. Wy\u017csza szko\u0142a jazdy ta\u0144ca flamenco. Wszystkie szyte na zam\u00f3wienie, gdy\u017c musz\u0105 by\u0107 indywidualnie dopasowane,<\/p>\n<p>cena od 1000 PLN<\/p>\n<p>&nbsp;<\/p>\n<p>&nbsp;<\/p>\n<p>&nbsp;<\/p>\n<p>&nbsp;<\/p>","protected":false},"excerpt":{"rendered":"<p>Sp\u00f3dnica z trenem. Wy\u017csza szko\u0142a jazdy ta\u0144ca flamenco. Wszystkie szyte na zam\u00f3wienie, gdy\u017c musz\u0105 by\u0107 indywidualnie dopasowane, cena od 1000 PLN &nbsp; &nbsp; &nbsp; &nbsp;<\/p>","protected":false},"featured_media":201,"template":"","meta":[],"_links":{"self":[{"href":"https:\/\/ahoraflamenco.pl\/en\/wp-json\/wp\/v2\/product\/445"}],"collection":[{"href":"https:\/\/ahoraflamenco.pl\/en\/wp-json\/wp\/v2\/product"}],"about":[{"href":"https:\/\/ahoraflamenco.pl\/en\/wp-json\/wp\/v2\/types\/product"}],"wp:featuredmedia":[{"embeddable":true,"href":"https:\/\/ahoraflamenco.pl\/en\/wp-json\/wp\/v2\/media\/201"}],"wp:attachment":[{"href":"https:\/\/ahoraflamenco.pl\/en\/wp-json\/wp\/v2\/media?parent=445"}],"curies":[{"name":"wp","href":"https:\/\/api.w.org\/{rel}","templated":true}]}}