{"id":520,"date":"2021-03-27T05:05:13","date_gmt":"2021-03-27T05:05:13","guid":{"rendered":"https:\/\/ahoraflamenco.pl\/?post_type=product&#038;p=520"},"modified":"2026-03-24T08:28:25","modified_gmt":"2026-03-24T08:28:25","slug":"spodnica-hippie","status":"publish","type":"product","link":"https:\/\/ahoraflamenco.pl\/en\/product\/spodnica-hippie\/","title":{"rendered":"Sp\u00f3dnica Hippie"},"content":{"rendered":"<p>Sp\u00f3dnica bardzo lekka,nadaj\u0105ca si\u0119 do \u0107wicze\u0144,nascen\u0119 do flamenco moderno ale te\u017c na ulic\u0119.<\/p>","protected":false},"excerpt":{"rendered":"<p>Sp\u00f3dnica bardzo lekka,nadaj\u0105ca si\u0119 do \u0107wicze\u0144,nascen\u0119 do flamenco moderno ale te\u017c na ulic\u0119.<\/p>","protected":false},"featured_media":139,"template":"","meta":[],"_links":{"self":[{"href":"https:\/\/ahoraflamenco.pl\/en\/wp-json\/wp\/v2\/product\/520"}],"collection":[{"href":"https:\/\/ahoraflamenco.pl\/en\/wp-json\/wp\/v2\/product"}],"about":[{"href":"https:\/\/ahoraflamenco.pl\/en\/wp-json\/wp\/v2\/types\/product"}],"wp:featuredmedia":[{"embeddable":true,"href":"https:\/\/ahoraflamenco.pl\/en\/wp-json\/wp\/v2\/media\/139"}],"wp:attachment":[{"href":"https:\/\/ahoraflamenco.pl\/en\/wp-json\/wp\/v2\/media?parent=520"}],"curies":[{"name":"wp","href":"https:\/\/api.w.org\/{rel}","templated":true}]}}