{"id":663,"date":"2021-04-13T08:50:19","date_gmt":"2021-04-13T08:50:19","guid":{"rendered":"https:\/\/ahoraflamenco.pl\/?post_type=product&#038;p=663"},"modified":"2023-04-25T07:38:17","modified_gmt":"2023-04-25T07:38:17","slug":"spodnica-mariposa","status":"publish","type":"product","link":"https:\/\/ahoraflamenco.pl\/en\/product\/spodnica-mariposa\/","title":{"rendered":"Sp\u00f3dnica Mariposa"},"content":{"rendered":"<p>Sp\u00f3dniczka do \u0107wicze\u0144,kr\u00f3tsza z przodu dla widoczno\u015bci n\u00f3g.<\/p>","protected":false},"excerpt":{"rendered":"<p>Sp\u00f3dniczka do \u0107wicze\u0144,kr\u00f3tsza z przodu dla widoczno\u015bci n\u00f3g.<\/p>","protected":false},"featured_media":156,"template":"","meta":[],"_links":{"self":[{"href":"https:\/\/ahoraflamenco.pl\/en\/wp-json\/wp\/v2\/product\/663"}],"collection":[{"href":"https:\/\/ahoraflamenco.pl\/en\/wp-json\/wp\/v2\/product"}],"about":[{"href":"https:\/\/ahoraflamenco.pl\/en\/wp-json\/wp\/v2\/types\/product"}],"wp:featuredmedia":[{"embeddable":true,"href":"https:\/\/ahoraflamenco.pl\/en\/wp-json\/wp\/v2\/media\/156"}],"wp:attachment":[{"href":"https:\/\/ahoraflamenco.pl\/en\/wp-json\/wp\/v2\/media?parent=663"}],"curies":[{"name":"wp","href":"https:\/\/api.w.org\/{rel}","templated":true}]}}