{"id":712,"date":"2021-05-10T18:03:03","date_gmt":"2021-05-10T18:03:03","guid":{"rendered":"https:\/\/ahoraflamenco.pl\/?post_type=product&#038;p=712"},"modified":"2026-03-24T08:25:36","modified_gmt":"2026-03-24T08:25:36","slug":"712","status":"publish","type":"product","link":"https:\/\/ahoraflamenco.pl\/en\/product\/712\/","title":{"rendered":"Spodnie"},"content":{"rendered":"<p>Efektowne spodnie przypominaj\u0105ce sp\u00f3dnice.Do ta\u0144ca i na wieczorowe okazje.<\/p>","protected":false},"excerpt":{"rendered":"<p>Efektowne spodnie przypominaj\u0105ce sp\u00f3dnice.Do ta\u0144ca i na wieczorowe okazje.<\/p>","protected":false},"featured_media":713,"template":"","meta":[],"_links":{"self":[{"href":"https:\/\/ahoraflamenco.pl\/en\/wp-json\/wp\/v2\/product\/712"}],"collection":[{"href":"https:\/\/ahoraflamenco.pl\/en\/wp-json\/wp\/v2\/product"}],"about":[{"href":"https:\/\/ahoraflamenco.pl\/en\/wp-json\/wp\/v2\/types\/product"}],"wp:featuredmedia":[{"embeddable":true,"href":"https:\/\/ahoraflamenco.pl\/en\/wp-json\/wp\/v2\/media\/713"}],"wp:attachment":[{"href":"https:\/\/ahoraflamenco.pl\/en\/wp-json\/wp\/v2\/media?parent=712"}],"curies":[{"name":"wp","href":"https:\/\/api.w.org\/{rel}","templated":true}]}}