{"id":717,"date":"2021-05-11T06:33:04","date_gmt":"2021-05-11T06:33:04","guid":{"rendered":"https:\/\/ahoraflamenco.pl\/?post_type=product&#038;p=717"},"modified":"2023-04-25T07:29:49","modified_gmt":"2023-04-25T07:29:49","slug":"suknia-podwojna","status":"publish","type":"product","link":"https:\/\/ahoraflamenco.pl\/en\/product\/suknia-podwojna\/","title":{"rendered":"Suknia podw\u00f3jna"},"content":{"rendered":"<p>Bardzo efektowna i praktyczna suknia.Mo\u017cna ka\u017cd\u0105 warstw\u0119 za\u0142o\u017cyc osobno i z czym\u015b innym.<\/p>","protected":false},"excerpt":{"rendered":"<p>Bardzo efektowna i praktyczna suknia.Mo\u017cna ka\u017cd\u0105 warstw\u0119 za\u0142o\u017cyc osobno i z czym\u015b innym.<\/p>","protected":false},"featured_media":718,"template":"","meta":[],"_links":{"self":[{"href":"https:\/\/ahoraflamenco.pl\/en\/wp-json\/wp\/v2\/product\/717"}],"collection":[{"href":"https:\/\/ahoraflamenco.pl\/en\/wp-json\/wp\/v2\/product"}],"about":[{"href":"https:\/\/ahoraflamenco.pl\/en\/wp-json\/wp\/v2\/types\/product"}],"wp:featuredmedia":[{"embeddable":true,"href":"https:\/\/ahoraflamenco.pl\/en\/wp-json\/wp\/v2\/media\/718"}],"wp:attachment":[{"href":"https:\/\/ahoraflamenco.pl\/en\/wp-json\/wp\/v2\/media?parent=717"}],"curies":[{"name":"wp","href":"https:\/\/api.w.org\/{rel}","templated":true}]}}