{"id":727,"date":"2021-05-11T07:13:28","date_gmt":"2021-05-11T07:13:28","guid":{"rendered":"https:\/\/ahoraflamenco.pl\/?post_type=product&#038;p=727"},"modified":"2026-03-24T08:24:45","modified_gmt":"2026-03-24T08:24:45","slug":"spodnica-plisy","status":"publish","type":"product","link":"https:\/\/ahoraflamenco.pl\/en\/product\/spodnica-plisy\/","title":{"rendered":"Sp\u00f3dnica plisy"},"content":{"rendered":"<p>Sp\u00f3dnica do \u0107wicze\u0144 i na scen\u0119<\/p>","protected":false},"excerpt":{"rendered":"<p>Sp\u00f3dnica do \u0107wicze\u0144 i na scen\u0119<\/p>","protected":false},"featured_media":728,"template":"","meta":[],"_links":{"self":[{"href":"https:\/\/ahoraflamenco.pl\/en\/wp-json\/wp\/v2\/product\/727"}],"collection":[{"href":"https:\/\/ahoraflamenco.pl\/en\/wp-json\/wp\/v2\/product"}],"about":[{"href":"https:\/\/ahoraflamenco.pl\/en\/wp-json\/wp\/v2\/types\/product"}],"wp:featuredmedia":[{"embeddable":true,"href":"https:\/\/ahoraflamenco.pl\/en\/wp-json\/wp\/v2\/media\/728"}],"wp:attachment":[{"href":"https:\/\/ahoraflamenco.pl\/en\/wp-json\/wp\/v2\/media?parent=727"}],"curies":[{"name":"wp","href":"https:\/\/api.w.org\/{rel}","templated":true}]}}