{"id":731,"date":"2021-05-11T14:50:03","date_gmt":"2021-05-11T14:50:03","guid":{"rendered":"https:\/\/ahoraflamenco.pl\/?post_type=product&#038;p=731"},"modified":"2026-03-24T08:24:11","modified_gmt":"2026-03-24T08:24:11","slug":"spodnica-rosa","status":"publish","type":"product","link":"https:\/\/ahoraflamenco.pl\/en\/product\/spodnica-rosa\/","title":{"rendered":"Sp\u00f3dnica Rosa"},"content":{"rendered":"<p>Sp\u00f3dniczka uniwersalna.W zale\u017cno\u015bci od kolorystyki mo\u017cna u\u017cywa\u0107 do ka\u017cdego ta\u0144ca<\/p>","protected":false},"excerpt":{"rendered":"<p>Sp\u00f3dniczka uniwersalna.W zale\u017cno\u015bci od kolorystyki mo\u017cna u\u017cywa\u0107 do ka\u017cdego ta\u0144ca<\/p>","protected":false},"featured_media":732,"template":"","meta":[],"_links":{"self":[{"href":"https:\/\/ahoraflamenco.pl\/en\/wp-json\/wp\/v2\/product\/731"}],"collection":[{"href":"https:\/\/ahoraflamenco.pl\/en\/wp-json\/wp\/v2\/product"}],"about":[{"href":"https:\/\/ahoraflamenco.pl\/en\/wp-json\/wp\/v2\/types\/product"}],"wp:featuredmedia":[{"embeddable":true,"href":"https:\/\/ahoraflamenco.pl\/en\/wp-json\/wp\/v2\/media\/732"}],"wp:attachment":[{"href":"https:\/\/ahoraflamenco.pl\/en\/wp-json\/wp\/v2\/media?parent=731"}],"curies":[{"name":"wp","href":"https:\/\/api.w.org\/{rel}","templated":true}]}}