{"id":735,"date":"2021-05-11T15:08:32","date_gmt":"2021-05-11T15:08:32","guid":{"rendered":"https:\/\/ahoraflamenco.pl\/?post_type=product&#038;p=735"},"modified":"2022-12-09T01:32:10","modified_gmt":"2022-12-09T01:32:10","slug":"spodnica-luki","status":"publish","type":"product","link":"https:\/\/ahoraflamenco.pl\/en\/product\/spodnica-luki\/","title":{"rendered":"Sp\u00f3dnica \u0142uki"},"content":{"rendered":"<p>Sp\u00f3dnica z ozdobnymi falbanami ,u\u0142o\u017conymi w \u0142uki.Niezbyt zamaszysta za to baardzo efektowna<\/p>","protected":false},"excerpt":{"rendered":"<p>Sp\u00f3dnica z ozdobnymi falbanami ,u\u0142o\u017conymi w \u0142uki.Niezbyt zamaszysta za to baardzo efektowna<\/p>","protected":false},"featured_media":736,"template":"","meta":[],"_links":{"self":[{"href":"https:\/\/ahoraflamenco.pl\/en\/wp-json\/wp\/v2\/product\/735"}],"collection":[{"href":"https:\/\/ahoraflamenco.pl\/en\/wp-json\/wp\/v2\/product"}],"about":[{"href":"https:\/\/ahoraflamenco.pl\/en\/wp-json\/wp\/v2\/types\/product"}],"wp:featuredmedia":[{"embeddable":true,"href":"https:\/\/ahoraflamenco.pl\/en\/wp-json\/wp\/v2\/media\/736"}],"wp:attachment":[{"href":"https:\/\/ahoraflamenco.pl\/en\/wp-json\/wp\/v2\/media?parent=735"}],"curies":[{"name":"wp","href":"https:\/\/api.w.org\/{rel}","templated":true}]}}